{"id":12,"date":"2022-10-11T09:58:18","date_gmt":"2022-10-11T07:58:18","guid":{"rendered":"http:\/\/tworks.be\/?page_id=12"},"modified":"2022-10-12T14:22:36","modified_gmt":"2022-10-12T12:22:36","slug":"home","status":"publish","type":"page","link":"https:\/\/tworks.be\/","title":{"rendered":"Home"},"content":{"rendered":"\n<p>Bienvenu sur notre site, n&rsquo;h\u00e9sitez pas \u00e0 nous envoyer un mail avec votre demande via info@tworks.be ou en remplissant le formulaire de demande de devis et nous y r\u00e9pondrons dans les plus brefs d\u00e9lais.<\/p>\n\n\n\n<p>Je vous invite \u00e9galement \u00e0 consulter notre page Instagram via l&rsquo;onglet ci-dessus.<\/p>\n","protected":false},"excerpt":{"rendered":"<p>Bienvenu sur notre site, n&rsquo;h\u00e9sitez pas \u00e0 nous envoyer un mail avec votre demande via info@tworks.be ou en remplissant le formulaire de demande de devis et nous y r\u00e9pondrons dans les plus brefs d\u00e9lais. Je vous invite \u00e9galement \u00e0 consulter notre page Instagram via l&rsquo;onglet ci-dessus.<\/p>\n","protected":false},"author":1,"featured_media":0,"parent":0,"menu_order":0,"comment_status":"closed","ping_status":"closed","template":"","meta":[],"featured_image_urls":{"full":"","thumbnail":"","medium":"","medium_large":"","large":"","1536x1536":"","2048x2048":"","twentyseventeen-featured-image":"","twentyseventeen-thumbnail-avatar":""},"post_excerpt_stackable":"<p>Bienvenu sur notre site, n&rsquo;h\u00e9sitez pas \u00e0 nous envoyer un mail avec votre demande via info@tworks.be ou en remplissant le formulaire de demande de devis et nous y r\u00e9pondrons dans les plus brefs d\u00e9lais. Je vous invite \u00e9galement \u00e0 consulter notre page Instagram via l&rsquo;onglet ci-dessus.<\/p>\n","category_list":"","author_info":{"name":"JSP-Admin","url":"https:\/\/tworks.be\/?author=1"},"comments_num":"0 commentaire","yoast_head":"<!-- This site is optimized with the Yoast SEO plugin v19.8 - https:\/\/yoast.com\/wordpress\/plugins\/seo\/ -->\n<title>Home - T-Works<\/title>\n<meta name=\"description\" content=\"A la recherche d&#039;un professionnel pour vos jardins et\/ou travaux d&#039;int\u00e9rieurs sur BXL et le BW? Faites appelle \u00e0 nos services d\u00e8s maintenant!\" \/>\n<meta name=\"robots\" content=\"index, follow, max-snippet:-1, max-image-preview:large, max-video-preview:-1\" \/>\n<link rel=\"canonical\" href=\"https:\/\/tworks.be\/\" \/>\n<meta property=\"og:locale\" content=\"fr_FR\" \/>\n<meta property=\"og:type\" content=\"article\" \/>\n<meta property=\"og:title\" content=\"Home - T-Works\" \/>\n<meta property=\"og:description\" content=\"A la recherche d&#039;un professionnel pour vos jardins et\/ou travaux d&#039;int\u00e9rieurs sur BXL et le BW? Faites appelle \u00e0 nos services d\u00e8s maintenant!\" \/>\n<meta property=\"og:url\" content=\"https:\/\/tworks.be\/\" \/>\n<meta property=\"og:site_name\" content=\"T-Works\" \/>\n<meta property=\"article:modified_time\" content=\"2022-10-12T12:22:36+00:00\" \/>\n<meta name=\"twitter:card\" content=\"summary_large_image\" \/>\n<meta name=\"twitter:label1\" content=\"Dur\u00e9e de lecture estim\u00e9e\" \/>\n\t<meta name=\"twitter:data1\" content=\"1 minute\" \/>\n<script type=\"application\/ld+json\" class=\"yoast-schema-graph\">{\"@context\":\"https:\/\/schema.org\",\"@graph\":[{\"@type\":\"Article\",\"@id\":\"https:\/\/tworks.be\/#article\",\"isPartOf\":{\"@id\":\"https:\/\/tworks.be\/\"},\"author\":{\"name\":\"JSP-Admin\",\"@id\":\"https:\/\/tworks.be\/#\/schema\/person\/04864b22f1958fa2885fb52d999d20ad\"},\"headline\":\"Home\",\"datePublished\":\"2022-10-11T07:58:18+00:00\",\"dateModified\":\"2022-10-12T12:22:36+00:00\",\"mainEntityOfPage\":{\"@id\":\"https:\/\/tworks.be\/\"},\"wordCount\":50,\"publisher\":{\"@id\":\"https:\/\/tworks.be\/#organization\"},\"inLanguage\":\"fr-FR\"},{\"@type\":[\"WebPage\",\"SearchResultsPage\"],\"@id\":\"https:\/\/tworks.be\/\",\"url\":\"https:\/\/tworks.be\/\",\"name\":\"Home - T-Works\",\"isPartOf\":{\"@id\":\"https:\/\/tworks.be\/#website\"},\"datePublished\":\"2022-10-11T07:58:18+00:00\",\"dateModified\":\"2022-10-12T12:22:36+00:00\",\"description\":\"A la recherche d'un professionnel pour vos jardins et\/ou travaux d'int\u00e9rieurs sur BXL et le BW? Faites appelle \u00e0 nos services d\u00e8s maintenant!\",\"breadcrumb\":{\"@id\":\"https:\/\/tworks.be\/#breadcrumb\"},\"inLanguage\":\"fr-FR\",\"potentialAction\":[{\"@type\":\"ReadAction\",\"target\":[\"https:\/\/tworks.be\/\"]}]},{\"@type\":\"BreadcrumbList\",\"@id\":\"https:\/\/tworks.be\/#breadcrumb\",\"itemListElement\":[{\"@type\":\"ListItem\",\"position\":1,\"name\":\"Accueil\",\"item\":\"https:\/\/tworks.be\/\"},{\"@type\":\"ListItem\",\"position\":2,\"name\":\"Home\"}]},{\"@type\":\"WebSite\",\"@id\":\"https:\/\/tworks.be\/#website\",\"url\":\"https:\/\/tworks.be\/\",\"name\":\"T-Works\",\"description\":\"Votre entrepreneur sp\u00e9cialis\u00e9 dans la r\u00e9novation de r\u00e9f\u00e9rence\",\"publisher\":{\"@id\":\"https:\/\/tworks.be\/#organization\"},\"potentialAction\":[{\"@type\":\"SearchAction\",\"target\":{\"@type\":\"EntryPoint\",\"urlTemplate\":\"https:\/\/tworks.be\/?s={search_term_string}\"},\"query-input\":\"required name=search_term_string\"}],\"inLanguage\":\"fr-FR\"},{\"@type\":\"Organization\",\"@id\":\"https:\/\/tworks.be\/#organization\",\"name\":\"T-Works\",\"url\":\"https:\/\/tworks.be\/\",\"sameAs\":[\"https:\/\/www.instagram.com\/tworks.be\/?hl=fr\"],\"logo\":{\"@type\":\"ImageObject\",\"inLanguage\":\"fr-FR\",\"@id\":\"https:\/\/tworks.be\/#\/schema\/logo\/image\/\",\"url\":\"https:\/\/tworks.be\/wp-content\/uploads\/2022\/10\/cropped-TWorks-2.jpg\",\"contentUrl\":\"https:\/\/tworks.be\/wp-content\/uploads\/2022\/10\/cropped-TWorks-2.jpg\",\"width\":250,\"height\":250,\"caption\":\"T-Works\"},\"image\":{\"@id\":\"https:\/\/tworks.be\/#\/schema\/logo\/image\/\"}},{\"@type\":\"Person\",\"@id\":\"https:\/\/tworks.be\/#\/schema\/person\/04864b22f1958fa2885fb52d999d20ad\",\"name\":\"JSP-Admin\",\"image\":{\"@type\":\"ImageObject\",\"inLanguage\":\"fr-FR\",\"@id\":\"https:\/\/tworks.be\/#\/schema\/person\/image\/\",\"url\":\"https:\/\/secure.gravatar.com\/avatar\/7b6df8d8e5af3066e373118d7f1539d9?s=96&d=mm&r=g\",\"contentUrl\":\"https:\/\/secure.gravatar.com\/avatar\/7b6df8d8e5af3066e373118d7f1539d9?s=96&d=mm&r=g\",\"caption\":\"JSP-Admin\"},\"url\":\"https:\/\/tworks.be\/?author=1\"}]}<\/script>\n<!-- \/ Yoast SEO plugin. -->","yoast_head_json":{"title":"Home - T-Works","description":"A la recherche d'un professionnel pour vos jardins et\/ou travaux d'int\u00e9rieurs sur BXL et le BW? Faites appelle \u00e0 nos services d\u00e8s maintenant!","robots":{"index":"index","follow":"follow","max-snippet":"max-snippet:-1","max-image-preview":"max-image-preview:large","max-video-preview":"max-video-preview:-1"},"canonical":"https:\/\/tworks.be\/","og_locale":"fr_FR","og_type":"article","og_title":"Home - T-Works","og_description":"A la recherche d'un professionnel pour vos jardins et\/ou travaux d'int\u00e9rieurs sur BXL et le BW? Faites appelle \u00e0 nos services d\u00e8s maintenant!","og_url":"https:\/\/tworks.be\/","og_site_name":"T-Works","article_modified_time":"2022-10-12T12:22:36+00:00","twitter_card":"summary_large_image","twitter_misc":{"Dur\u00e9e de lecture estim\u00e9e":"1 minute"},"schema":{"@context":"https:\/\/schema.org","@graph":[{"@type":"Article","@id":"https:\/\/tworks.be\/#article","isPartOf":{"@id":"https:\/\/tworks.be\/"},"author":{"name":"JSP-Admin","@id":"https:\/\/tworks.be\/#\/schema\/person\/04864b22f1958fa2885fb52d999d20ad"},"headline":"Home","datePublished":"2022-10-11T07:58:18+00:00","dateModified":"2022-10-12T12:22:36+00:00","mainEntityOfPage":{"@id":"https:\/\/tworks.be\/"},"wordCount":50,"publisher":{"@id":"https:\/\/tworks.be\/#organization"},"inLanguage":"fr-FR"},{"@type":["WebPage","SearchResultsPage"],"@id":"https:\/\/tworks.be\/","url":"https:\/\/tworks.be\/","name":"Home - T-Works","isPartOf":{"@id":"https:\/\/tworks.be\/#website"},"datePublished":"2022-10-11T07:58:18+00:00","dateModified":"2022-10-12T12:22:36+00:00","description":"A la recherche d'un professionnel pour vos jardins et\/ou travaux d'int\u00e9rieurs sur BXL et le BW? Faites appelle \u00e0 nos services d\u00e8s maintenant!","breadcrumb":{"@id":"https:\/\/tworks.be\/#breadcrumb"},"inLanguage":"fr-FR","potentialAction":[{"@type":"ReadAction","target":["https:\/\/tworks.be\/"]}]},{"@type":"BreadcrumbList","@id":"https:\/\/tworks.be\/#breadcrumb","itemListElement":[{"@type":"ListItem","position":1,"name":"Accueil","item":"https:\/\/tworks.be\/"},{"@type":"ListItem","position":2,"name":"Home"}]},{"@type":"WebSite","@id":"https:\/\/tworks.be\/#website","url":"https:\/\/tworks.be\/","name":"T-Works","description":"Votre entrepreneur sp\u00e9cialis\u00e9 dans la r\u00e9novation de r\u00e9f\u00e9rence","publisher":{"@id":"https:\/\/tworks.be\/#organization"},"potentialAction":[{"@type":"SearchAction","target":{"@type":"EntryPoint","urlTemplate":"https:\/\/tworks.be\/?s={search_term_string}"},"query-input":"required name=search_term_string"}],"inLanguage":"fr-FR"},{"@type":"Organization","@id":"https:\/\/tworks.be\/#organization","name":"T-Works","url":"https:\/\/tworks.be\/","sameAs":["https:\/\/www.instagram.com\/tworks.be\/?hl=fr"],"logo":{"@type":"ImageObject","inLanguage":"fr-FR","@id":"https:\/\/tworks.be\/#\/schema\/logo\/image\/","url":"https:\/\/tworks.be\/wp-content\/uploads\/2022\/10\/cropped-TWorks-2.jpg","contentUrl":"https:\/\/tworks.be\/wp-content\/uploads\/2022\/10\/cropped-TWorks-2.jpg","width":250,"height":250,"caption":"T-Works"},"image":{"@id":"https:\/\/tworks.be\/#\/schema\/logo\/image\/"}},{"@type":"Person","@id":"https:\/\/tworks.be\/#\/schema\/person\/04864b22f1958fa2885fb52d999d20ad","name":"JSP-Admin","image":{"@type":"ImageObject","inLanguage":"fr-FR","@id":"https:\/\/tworks.be\/#\/schema\/person\/image\/","url":"https:\/\/secure.gravatar.com\/avatar\/7b6df8d8e5af3066e373118d7f1539d9?s=96&d=mm&r=g","contentUrl":"https:\/\/secure.gravatar.com\/avatar\/7b6df8d8e5af3066e373118d7f1539d9?s=96&d=mm&r=g","caption":"JSP-Admin"},"url":"https:\/\/tworks.be\/?author=1"}]}},"_links":{"self":[{"href":"https:\/\/tworks.be\/index.php?rest_route=\/wp\/v2\/pages\/12"}],"collection":[{"href":"https:\/\/tworks.be\/index.php?rest_route=\/wp\/v2\/pages"}],"about":[{"href":"https:\/\/tworks.be\/index.php?rest_route=\/wp\/v2\/types\/page"}],"author":[{"embeddable":true,"href":"https:\/\/tworks.be\/index.php?rest_route=\/wp\/v2\/users\/1"}],"replies":[{"embeddable":true,"href":"https:\/\/tworks.be\/index.php?rest_route=%2Fwp%2Fv2%2Fcomments&post=12"}],"version-history":[{"count":8,"href":"https:\/\/tworks.be\/index.php?rest_route=\/wp\/v2\/pages\/12\/revisions"}],"predecessor-version":[{"id":120,"href":"https:\/\/tworks.be\/index.php?rest_route=\/wp\/v2\/pages\/12\/revisions\/120"}],"wp:attachment":[{"href":"https:\/\/tworks.be\/index.php?rest_route=%2Fwp%2Fv2%2Fmedia&parent=12"}],"curies":[{"name":"wp","href":"https:\/\/api.w.org\/{rel}","templated":true}]}}