{"id":109,"date":"2022-10-12T14:06:11","date_gmt":"2022-10-12T12:06:11","guid":{"rendered":"https:\/\/tworks.be\/?page_id=109"},"modified":"2022-10-12T14:15:45","modified_gmt":"2022-10-12T12:15:45","slug":"demande-de-devis","status":"publish","type":"page","link":"https:\/\/tworks.be\/?page_id=109","title":{"rendered":"Demande de devis"},"content":{"rendered":"<div class=\"wpforms-container wpforms-container-full\" id=\"wpforms-110\"><form id=\"wpforms-form-110\" class=\"wpforms-validate wpforms-form wpforms-ajax-form\" data-formid=\"110\" method=\"post\" enctype=\"multipart\/form-data\" action=\"\/index.php?rest_route=%2Fwp%2Fv2%2Fpages%2F109\" data-token=\"2aaba946fe393c3b8c5bc9659147e599\"><noscript class=\"wpforms-error-noscript\">Veuillez activer JavaScript dans votre navigateur pour remplir ce formulaire.<\/noscript><div class=\"wpforms-field-container\"><div id=\"wpforms-110-field_0-container\" class=\"wpforms-field wpforms-field-name\" data-field-id=\"0\"><label class=\"wpforms-field-label\" for=\"wpforms-110-field_0\">Nom <span class=\"wpforms-required-label\">*<\/span><\/label><div class=\"wpforms-field-row wpforms-field-medium\"><div class=\"wpforms-field-row-block wpforms-first wpforms-one-half\"><input type=\"text\" id=\"wpforms-110-field_0\" class=\"wpforms-field-name-first wpforms-field-required\" name=\"wpforms[fields][0][first]\" required><label for=\"wpforms-110-field_0\" class=\"wpforms-field-sublabel after \">Pr\u00e9nom<\/label><\/div><div class=\"wpforms-field-row-block wpforms-one-half\"><input type=\"text\" id=\"wpforms-110-field_0-last\" class=\"wpforms-field-name-last wpforms-field-required\" name=\"wpforms[fields][0][last]\" required><label for=\"wpforms-110-field_0-last\" class=\"wpforms-field-sublabel after \">Nom<\/label><\/div><\/div><\/div><div id=\"wpforms-110-field_1-container\" class=\"wpforms-field wpforms-field-email\" data-field-id=\"1\"><label class=\"wpforms-field-label\" for=\"wpforms-110-field_1\">E-mail <span class=\"wpforms-required-label\">*<\/span><\/label><input type=\"email\" id=\"wpforms-110-field_1\" class=\"wpforms-field-medium wpforms-field-required\" name=\"wpforms[fields][1]\" required><\/div><div id=\"wpforms-110-field_2-container\" class=\"wpforms-field wpforms-field-textarea\" data-field-id=\"2\"><label class=\"wpforms-field-label\" for=\"wpforms-110-field_2\">Commentaire ou message<\/label><textarea id=\"wpforms-110-field_2\" class=\"wpforms-field-medium\" name=\"wpforms[fields][2]\" ><\/textarea><\/div><\/div><div class=\"wpforms-submit-container\"><input type=\"hidden\" name=\"wpforms[id]\" value=\"110\"><input type=\"hidden\" name=\"wpforms[author]\" value=\"1\"><button type=\"submit\" name=\"wpforms[submit]\" id=\"wpforms-submit-110\" class=\"wpforms-submit\" data-alt-text=\"Envoi...\" data-submit-text=\"Envoyer\" aria-live=\"assertive\" value=\"wpforms-submit\">Envoyer<\/button><img src=\"https:\/\/tworks.be\/wp-content\/plugins\/wpforms-lite\/assets\/images\/submit-spin.svg\" class=\"wpforms-submit-spinner\" style=\"display: none;\" width=\"26\" height=\"26\" alt=\"Chargement en cours\"><\/div><\/form><\/div>  <!-- .wpforms-container -->","protected":false},"excerpt":{"rendered":"","protected":false},"author":1,"featured_media":0,"parent":0,"menu_order":0,"comment_status":"closed","ping_status":"closed","template":"","meta":[],"featured_image_urls":{"full":"","thumbnail":"","medium":"","medium_large":"","large":"","1536x1536":"","2048x2048":"","twentyseventeen-featured-image":"","twentyseventeen-thumbnail-avatar":""},"post_excerpt_stackable":"<p>Veuillez activer JavaScript dans votre navigateur pour remplir ce formulaire.Nom *Pr\u00e9nomNomE-mail *Commentaire ou messageEnvoyer<\/p>\n","category_list":"","author_info":{"name":"JSP-Admin","url":"https:\/\/tworks.be\/?author=1"},"comments_num":"0 commentaire","yoast_head":"<!-- This site is optimized with the Yoast SEO plugin v19.8 - https:\/\/yoast.com\/wordpress\/plugins\/seo\/ -->\n<title>Demande de devis - T-Works<\/title>\n<meta name=\"description\" content=\"Un devis facile avec r\u00e9ponse rapide. Contactez nous sans attendre.\" \/>\n<meta name=\"robots\" content=\"index, follow, max-snippet:-1, max-image-preview:large, max-video-preview:-1\" \/>\n<link rel=\"canonical\" href=\"https:\/\/tworks.be\/?page_id=109\" \/>\n<meta property=\"og:locale\" content=\"fr_FR\" \/>\n<meta property=\"og:type\" content=\"article\" \/>\n<meta property=\"og:title\" content=\"Demande de devis - T-Works\" \/>\n<meta property=\"og:description\" content=\"Un devis facile avec r\u00e9ponse rapide. Contactez nous sans attendre.\" \/>\n<meta property=\"og:url\" content=\"https:\/\/tworks.be\/?page_id=109\" \/>\n<meta property=\"og:site_name\" content=\"T-Works\" \/>\n<meta property=\"article:modified_time\" content=\"2022-10-12T12:15:45+00:00\" \/>\n<meta name=\"twitter:card\" content=\"summary_large_image\" \/>\n<script type=\"application\/ld+json\" class=\"yoast-schema-graph\">{\"@context\":\"https:\/\/schema.org\",\"@graph\":[{\"@type\":\"WebPage\",\"@id\":\"https:\/\/tworks.be\/?page_id=109\",\"url\":\"https:\/\/tworks.be\/?page_id=109\",\"name\":\"Demande de devis - T-Works\",\"isPartOf\":{\"@id\":\"https:\/\/tworks.be\/#website\"},\"datePublished\":\"2022-10-12T12:06:11+00:00\",\"dateModified\":\"2022-10-12T12:15:45+00:00\",\"description\":\"Un devis facile avec r\u00e9ponse rapide. Contactez nous sans attendre.\",\"breadcrumb\":{\"@id\":\"https:\/\/tworks.be\/?page_id=109#breadcrumb\"},\"inLanguage\":\"fr-FR\",\"potentialAction\":[{\"@type\":\"ReadAction\",\"target\":[\"https:\/\/tworks.be\/?page_id=109\"]}]},{\"@type\":\"BreadcrumbList\",\"@id\":\"https:\/\/tworks.be\/?page_id=109#breadcrumb\",\"itemListElement\":[{\"@type\":\"ListItem\",\"position\":1,\"name\":\"Accueil\",\"item\":\"https:\/\/tworks.be\/\"},{\"@type\":\"ListItem\",\"position\":2,\"name\":\"Demande de devis\"}]},{\"@type\":\"WebSite\",\"@id\":\"https:\/\/tworks.be\/#website\",\"url\":\"https:\/\/tworks.be\/\",\"name\":\"T-Works\",\"description\":\"Votre entrepreneur sp\u00e9cialis\u00e9 dans la r\u00e9novation de r\u00e9f\u00e9rence\",\"publisher\":{\"@id\":\"https:\/\/tworks.be\/#organization\"},\"potentialAction\":[{\"@type\":\"SearchAction\",\"target\":{\"@type\":\"EntryPoint\",\"urlTemplate\":\"https:\/\/tworks.be\/?s={search_term_string}\"},\"query-input\":\"required name=search_term_string\"}],\"inLanguage\":\"fr-FR\"},{\"@type\":\"Organization\",\"@id\":\"https:\/\/tworks.be\/#organization\",\"name\":\"T-Works\",\"url\":\"https:\/\/tworks.be\/\",\"sameAs\":[\"https:\/\/www.instagram.com\/tworks.be\/?hl=fr\"],\"logo\":{\"@type\":\"ImageObject\",\"inLanguage\":\"fr-FR\",\"@id\":\"https:\/\/tworks.be\/#\/schema\/logo\/image\/\",\"url\":\"https:\/\/tworks.be\/wp-content\/uploads\/2022\/10\/cropped-TWorks-2.jpg\",\"contentUrl\":\"https:\/\/tworks.be\/wp-content\/uploads\/2022\/10\/cropped-TWorks-2.jpg\",\"width\":250,\"height\":250,\"caption\":\"T-Works\"},\"image\":{\"@id\":\"https:\/\/tworks.be\/#\/schema\/logo\/image\/\"}}]}<\/script>\n<!-- \/ Yoast SEO plugin. -->","yoast_head_json":{"title":"Demande de devis - T-Works","description":"Un devis facile avec r\u00e9ponse rapide. Contactez nous sans attendre.","robots":{"index":"index","follow":"follow","max-snippet":"max-snippet:-1","max-image-preview":"max-image-preview:large","max-video-preview":"max-video-preview:-1"},"canonical":"https:\/\/tworks.be\/?page_id=109","og_locale":"fr_FR","og_type":"article","og_title":"Demande de devis - T-Works","og_description":"Un devis facile avec r\u00e9ponse rapide. Contactez nous sans attendre.","og_url":"https:\/\/tworks.be\/?page_id=109","og_site_name":"T-Works","article_modified_time":"2022-10-12T12:15:45+00:00","twitter_card":"summary_large_image","schema":{"@context":"https:\/\/schema.org","@graph":[{"@type":"WebPage","@id":"https:\/\/tworks.be\/?page_id=109","url":"https:\/\/tworks.be\/?page_id=109","name":"Demande de devis - T-Works","isPartOf":{"@id":"https:\/\/tworks.be\/#website"},"datePublished":"2022-10-12T12:06:11+00:00","dateModified":"2022-10-12T12:15:45+00:00","description":"Un devis facile avec r\u00e9ponse rapide. Contactez nous sans attendre.","breadcrumb":{"@id":"https:\/\/tworks.be\/?page_id=109#breadcrumb"},"inLanguage":"fr-FR","potentialAction":[{"@type":"ReadAction","target":["https:\/\/tworks.be\/?page_id=109"]}]},{"@type":"BreadcrumbList","@id":"https:\/\/tworks.be\/?page_id=109#breadcrumb","itemListElement":[{"@type":"ListItem","position":1,"name":"Accueil","item":"https:\/\/tworks.be\/"},{"@type":"ListItem","position":2,"name":"Demande de devis"}]},{"@type":"WebSite","@id":"https:\/\/tworks.be\/#website","url":"https:\/\/tworks.be\/","name":"T-Works","description":"Votre entrepreneur sp\u00e9cialis\u00e9 dans la r\u00e9novation de r\u00e9f\u00e9rence","publisher":{"@id":"https:\/\/tworks.be\/#organization"},"potentialAction":[{"@type":"SearchAction","target":{"@type":"EntryPoint","urlTemplate":"https:\/\/tworks.be\/?s={search_term_string}"},"query-input":"required name=search_term_string"}],"inLanguage":"fr-FR"},{"@type":"Organization","@id":"https:\/\/tworks.be\/#organization","name":"T-Works","url":"https:\/\/tworks.be\/","sameAs":["https:\/\/www.instagram.com\/tworks.be\/?hl=fr"],"logo":{"@type":"ImageObject","inLanguage":"fr-FR","@id":"https:\/\/tworks.be\/#\/schema\/logo\/image\/","url":"https:\/\/tworks.be\/wp-content\/uploads\/2022\/10\/cropped-TWorks-2.jpg","contentUrl":"https:\/\/tworks.be\/wp-content\/uploads\/2022\/10\/cropped-TWorks-2.jpg","width":250,"height":250,"caption":"T-Works"},"image":{"@id":"https:\/\/tworks.be\/#\/schema\/logo\/image\/"}}]}},"_links":{"self":[{"href":"https:\/\/tworks.be\/index.php?rest_route=\/wp\/v2\/pages\/109"}],"collection":[{"href":"https:\/\/tworks.be\/index.php?rest_route=\/wp\/v2\/pages"}],"about":[{"href":"https:\/\/tworks.be\/index.php?rest_route=\/wp\/v2\/types\/page"}],"author":[{"embeddable":true,"href":"https:\/\/tworks.be\/index.php?rest_route=\/wp\/v2\/users\/1"}],"replies":[{"embeddable":true,"href":"https:\/\/tworks.be\/index.php?rest_route=%2Fwp%2Fv2%2Fcomments&post=109"}],"version-history":[{"count":2,"href":"https:\/\/tworks.be\/index.php?rest_route=\/wp\/v2\/pages\/109\/revisions"}],"predecessor-version":[{"id":117,"href":"https:\/\/tworks.be\/index.php?rest_route=\/wp\/v2\/pages\/109\/revisions\/117"}],"wp:attachment":[{"href":"https:\/\/tworks.be\/index.php?rest_route=%2Fwp%2Fv2%2Fmedia&parent=109"}],"curies":[{"name":"wp","href":"https:\/\/api.w.org\/{rel}","templated":true}]}}